{"id":1351,"date":"2024-08-26T21:18:46","date_gmt":"2024-08-26T19:18:46","guid":{"rendered":"https:\/\/www.vychoska.sk\/?post_type=product&#038;p=1351"},"modified":"2024-09-18T19:27:25","modified_gmt":"2024-09-18T17:27:25","slug":"malovanka-kalendar-2024-2025","status":"publish","type":"product","link":"https:\/\/www.vychoska.sk\/index.php\/product\/malovanka-kalendar-2024-2025\/","title":{"rendered":"Ma\u013eovanka &#8211; Kalend\u00e1r 2024\/2025"},"content":{"rendered":"<div class=\"xdj266r x11i5rnm xat24cr x1mh8g0r x1vvkbs x126k92a\">\n<div dir=\"auto\">\u0160KOLSK\u00dd KALEND\u00c1R 2024\/2025 <span class=\"html-span xexx8yu x4uap5 x18d9i69 xkhd6sd x1hl2dhg x16tdsg8 x1vvkbs x3nfvp2 x1j61x8r x1fcty0u xdj266r xat24cr xgzva0m xhhsvwb xxymvpz xlup9mm x1kky2od\"><img decoding=\"async\" class=\"xz74otr\" src=\"https:\/\/static.xx.fbcdn.net\/images\/emoji.php\/v9\/tc\/2\/16\/1f973.png\" alt=\"\ud83e\udd73\" width=\"16\" height=\"16\" \/><\/span><span class=\"html-span xexx8yu x4uap5 x18d9i69 xkhd6sd x1hl2dhg x16tdsg8 x1vvkbs x3nfvp2 x1j61x8r x1fcty0u xdj266r xat24cr xgzva0m xhhsvwb xxymvpz xlup9mm x1kky2od\"><img decoding=\"async\" class=\"xz74otr\" src=\"https:\/\/static.xx.fbcdn.net\/images\/emoji.php\/v9\/t21\/2\/16\/1f3a8.png\" alt=\"\ud83c\udfa8\" width=\"16\" height=\"16\" \/><\/span><span class=\"html-span xexx8yu x4uap5 x18d9i69 xkhd6sd x1hl2dhg x16tdsg8 x1vvkbs x3nfvp2 x1j61x8r x1fcty0u xdj266r xat24cr xgzva0m xhhsvwb xxymvpz xlup9mm x1kky2od\"><img decoding=\"async\" class=\"xz74otr\" src=\"https:\/\/static.xx.fbcdn.net\/images\/emoji.php\/v9\/t2b\/2\/16\/1f389.png\" alt=\"\ud83c\udf89\" width=\"16\" height=\"16\" \/><\/span><\/div>\n<\/div>\n<div class=\"x11i5rnm xat24cr x1mh8g0r x1vvkbs xtlvy1s x126k92a\">\n<div dir=\"auto\">Vyfarbite si spolo\u010dne s de\u0165mi \u0161kolsk\u00fd kalend\u00e1r 2024\/2025.<\/div>\n<div dir=\"auto\">S\u00fabor je vo form\u00e1te PDF vo ve\u013ekosti A4 (12 listov)<\/div>\n<div dir=\"auto\"><\/div>\n<\/div>\n","protected":false},"excerpt":{"rendered":"<p>\u0160KOLSK\u00dd KALEND\u00c1R 2024\/2025 Vyfarbite si spolo\u010dne s de\u0165mi \u0161kolsk\u00fd kalend\u00e1r 2024\/2025. S\u00fabor je vo form\u00e1te PDF vo ve\u013ekosti A4 (12 listov)<\/p>\n","protected":false},"featured_media":1352,"template":"","meta":[],"product_brand":[],"product_cat":[24],"product_tag":[],"class_list":{"0":"post-1351","1":"product","2":"type-product","3":"status-publish","4":"has-post-thumbnail","6":"product_cat-malovanky","8":"first","9":"instock","10":"downloadable","11":"virtual","12":"taxable","13":"purchasable","14":"product-type-simple"},"_links":{"self":[{"href":"https:\/\/www.vychoska.sk\/index.php\/wp-json\/wp\/v2\/product\/1351","targetHints":{"allow":["GET"]}}],"collection":[{"href":"https:\/\/www.vychoska.sk\/index.php\/wp-json\/wp\/v2\/product"}],"about":[{"href":"https:\/\/www.vychoska.sk\/index.php\/wp-json\/wp\/v2\/types\/product"}],"wp:featuredmedia":[{"embeddable":true,"href":"https:\/\/www.vychoska.sk\/index.php\/wp-json\/wp\/v2\/media\/1352"}],"wp:attachment":[{"href":"https:\/\/www.vychoska.sk\/index.php\/wp-json\/wp\/v2\/media?parent=1351"}],"wp:term":[{"taxonomy":"product_brand","embeddable":true,"href":"https:\/\/www.vychoska.sk\/index.php\/wp-json\/wp\/v2\/product_brand?post=1351"},{"taxonomy":"product_cat","embeddable":true,"href":"https:\/\/www.vychoska.sk\/index.php\/wp-json\/wp\/v2\/product_cat?post=1351"},{"taxonomy":"product_tag","embeddable":true,"href":"https:\/\/www.vychoska.sk\/index.php\/wp-json\/wp\/v2\/product_tag?post=1351"}],"curies":[{"name":"wp","href":"https:\/\/api.w.org\/{rel}","templated":true}]}}