{"id":17,"date":"2023-06-29T10:58:43","date_gmt":"2023-06-29T08:58:43","guid":{"rendered":"https:\/\/www.vychoska.sk\/?post_type=product&#038;p=17"},"modified":"2025-03-10T08:27:50","modified_gmt":"2025-03-10T07:27:50","slug":"farebna-vychoska","status":"publish","type":"product","link":"https:\/\/www.vychoska.sk\/index.php\/product\/farebna-vychoska\/","title":{"rendered":"Farebn\u00e1 Vycho\u0161ka"},"content":{"rendered":"<p>D\u00e1mske tri\u010dko s digit\u00e1lnou potla\u010dou &#8220;VYCHO\u0160KA&#8221; vo farebnom preveden\u00ed.<\/p>\n","protected":false},"excerpt":{"rendered":"<p>D\u00e1mske tri\u010dko s digit\u00e1lnou potla\u010dou &#8220;VYCHO\u0160KA&#8221; vo farebnom preveden\u00ed.<\/p>\n","protected":false},"featured_media":19,"template":"","meta":[],"product_brand":[],"product_cat":[19],"product_tag":[],"class_list":{"0":"post-17","1":"product","2":"type-product","3":"status-publish","4":"has-post-thumbnail","6":"product_cat-vychoska-merch","7":"product_shipping_class-lahke","9":"first","10":"onbackorder","11":"taxable","12":"shipping-taxable","13":"purchasable","14":"product-type-variable"},"_links":{"self":[{"href":"https:\/\/www.vychoska.sk\/index.php\/wp-json\/wp\/v2\/product\/17","targetHints":{"allow":["GET"]}}],"collection":[{"href":"https:\/\/www.vychoska.sk\/index.php\/wp-json\/wp\/v2\/product"}],"about":[{"href":"https:\/\/www.vychoska.sk\/index.php\/wp-json\/wp\/v2\/types\/product"}],"wp:featuredmedia":[{"embeddable":true,"href":"https:\/\/www.vychoska.sk\/index.php\/wp-json\/wp\/v2\/media\/19"}],"wp:attachment":[{"href":"https:\/\/www.vychoska.sk\/index.php\/wp-json\/wp\/v2\/media?parent=17"}],"wp:term":[{"taxonomy":"product_brand","embeddable":true,"href":"https:\/\/www.vychoska.sk\/index.php\/wp-json\/wp\/v2\/product_brand?post=17"},{"taxonomy":"product_cat","embeddable":true,"href":"https:\/\/www.vychoska.sk\/index.php\/wp-json\/wp\/v2\/product_cat?post=17"},{"taxonomy":"product_tag","embeddable":true,"href":"https:\/\/www.vychoska.sk\/index.php\/wp-json\/wp\/v2\/product_tag?post=17"}],"curies":[{"name":"wp","href":"https:\/\/api.w.org\/{rel}","templated":true}]}}