{"id":306,"date":"2023-10-07T15:06:57","date_gmt":"2023-10-07T13:06:57","guid":{"rendered":"https:\/\/www.vychoska.sk\/?post_type=product&#038;p=306"},"modified":"2025-08-12T17:38:40","modified_gmt":"2025-08-12T15:38:40","slug":"citatelsky-kutik","status":"publish","type":"product","link":"https:\/\/www.vychoska.sk\/index.php\/product\/citatelsky-kutik\/","title":{"rendered":"\u010citate\u013esk\u00fd k\u00fatik"},"content":{"rendered":"<div class=\"\" dir=\"auto\">\n<div id=\":r3ft:\" class=\"x1iorvi4 x1pi30zi x1l90r2v x1swvt13\" data-ad-comet-preview=\"message\" data-ad-preview=\"message\">\n<div class=\"x78zum5 xdt5ytf xz62fqu x16ldp7u\">\n<div class=\"xu06os2 x1ok221b\">\n<div class=\"xdj266r x11i5rnm xat24cr x1mh8g0r x1vvkbs x126k92a\">\n<div dir=\"auto\">\u010cITATE\u013dSK\u00dd K\u00daTIK <span class=\"x3nfvp2 x1j61x8r x1fcty0u xdj266r xhhsvwb xat24cr xgzva0m xxymvpz xlup9mm x1kky2od\"><img decoding=\"async\" src=\"https:\/\/static.xx.fbcdn.net\/images\/emoji.php\/v9\/te8\/2\/16\/1f4da.png\" alt=\"\ud83d\udcda\" width=\"16\" height=\"16\" \/>\u00a0<\/span><\/div>\n<div dir=\"auto\">Strany s\u00fa vo form\u00e1te PDF\/A5 &#8211; p\u00edsmen\u00e1, A4 &#8211; obr\u00e1zky<\/div>\n<\/div>\n<\/div>\n<\/div>\n<\/div>\n<\/div>\n<div id=\":r3fu:\" class=\"x1n2onr6\">\n<div class=\"x1n2onr6\">\n<div class=\"x6s0dn4 x1jx94hy x78zum5 xdt5ytf x6ikm8r x10wlt62 x1n2onr6 xh8yej3\">\n<div>\n<div class=\"xqtp20y x6ikm8r x10wlt62 x1n2onr6\">\n<div class=\"x10l6tqk x13vifvy\"><img fetchpriority=\"high\" decoding=\"async\" class=\"x1ey2m1c xds687c x5yr21d x10l6tqk x17qophe x13vifvy xh8yej3 xl1xv1r\" src=\"https:\/\/scontent.fbts8-1.fna.fbcdn.net\/v\/t39.30808-6\/248205191_127634812970660_3642863217925761470_n.jpg?_nc_cat=101&amp;ccb=1-7&amp;_nc_sid=49d041&amp;_nc_ohc=PjtVRwzOSeUAX-Aim-C&amp;_nc_ht=scontent.fbts8-1.fna&amp;oh=00_AfAPx0YxJrI9jx7UZY6-2nEXcre9-IJkRRFMQky-9Xw8DA&amp;oe=65255190\" alt=\"Opis fotky nie je k dispoz\u00edcii.\" width=\"1748\" height=\"1240\" \/><\/div>\n<\/div>\n<\/div>\n<\/div>\n<div class=\"xua58t2 xzg4506 x1ey2m1c xds687c x47corl x10l6tqk x17qophe x13vifvy\"><\/div>\n<div class=\"x1o1ewxj x3x9cwd x1e5q0jg x13rtm0m x1ey2m1c xds687c xg01cxk x47corl x10l6tqk x17qophe x13vifvy x1ebt8du x19991ni x1dhq9h\" data-visualcompletion=\"ignore\"><\/div>\n<\/div>\n<div class=\"x6ikm8r x10wlt62\">\n<div class=\"x6s0dn4 xmjcpbm x1nb4dca x1q0q8m5 xso031l xg1kncl xdwka93 x78zum5 x1q0g3np x1iyjqo2 x1qughib xyamay9 x1pi30zi x1l90r2v x1swvt13 x1n2onr6\">\n<div class=\"x1iyjqo2 xeuugli\">\n<div class=\"x78zum5 xdt5ytf xz62fqu x16ldp7u\">\n<div class=\"xu06os2 x1ok221b\"><\/div>\n<\/div>\n<\/div>\n<\/div>\n<\/div>\n<\/div>\n","protected":false},"excerpt":{"rendered":"<p>\u010cITATE\u013dSK\u00dd K\u00daTIK \u00a0 Strany s\u00fa vo form\u00e1te PDF\/A5 &#8211; p\u00edsmen\u00e1, A4 &#8211; obr\u00e1zky<\/p>\n","protected":false},"featured_media":253,"template":"","meta":[],"product_brand":[],"product_cat":[23],"product_tag":[],"class_list":{"0":"post-306","1":"product","2":"type-product","3":"status-publish","4":"has-post-thumbnail","6":"product_cat-nasa-spolocnost","8":"first","9":"instock","10":"downloadable","11":"virtual","12":"taxable","13":"purchasable","14":"product-type-simple"},"_links":{"self":[{"href":"https:\/\/www.vychoska.sk\/index.php\/wp-json\/wp\/v2\/product\/306","targetHints":{"allow":["GET"]}}],"collection":[{"href":"https:\/\/www.vychoska.sk\/index.php\/wp-json\/wp\/v2\/product"}],"about":[{"href":"https:\/\/www.vychoska.sk\/index.php\/wp-json\/wp\/v2\/types\/product"}],"wp:featuredmedia":[{"embeddable":true,"href":"https:\/\/www.vychoska.sk\/index.php\/wp-json\/wp\/v2\/media\/253"}],"wp:attachment":[{"href":"https:\/\/www.vychoska.sk\/index.php\/wp-json\/wp\/v2\/media?parent=306"}],"wp:term":[{"taxonomy":"product_brand","embeddable":true,"href":"https:\/\/www.vychoska.sk\/index.php\/wp-json\/wp\/v2\/product_brand?post=306"},{"taxonomy":"product_cat","embeddable":true,"href":"https:\/\/www.vychoska.sk\/index.php\/wp-json\/wp\/v2\/product_cat?post=306"},{"taxonomy":"product_tag","embeddable":true,"href":"https:\/\/www.vychoska.sk\/index.php\/wp-json\/wp\/v2\/product_tag?post=306"}],"curies":[{"name":"wp","href":"https:\/\/api.w.org\/{rel}","templated":true}]}}