{"id":315,"date":"2023-10-18T10:09:57","date_gmt":"2023-10-18T08:09:57","guid":{"rendered":"https:\/\/www.vychoska.sk\/?post_type=product&#038;p=315"},"modified":"2023-10-18T22:02:59","modified_gmt":"2023-10-18T20:02:59","slug":"malovanka-halloween","status":"publish","type":"product","link":"https:\/\/www.vychoska.sk\/index.php\/product\/malovanka-halloween\/","title":{"rendered":"Ma\u013eovanka Halloween"},"content":{"rendered":"<div class=\"xdj266r x11i5rnm xat24cr x1mh8g0r x1vvkbs x126k92a\">\n<div dir=\"auto\">STIAHNITE SI ZADARMO: Halloween &#8211; ma\u013eovanka<\/div>\n<div dir=\"auto\">S\u00fabor obsahuje 8 listov A4, ktor\u00e9 si vytla\u010d\u00edte a prilep\u00edte na A1.<\/div>\n<div dir=\"auto\">Vznikne V\u00e1m ve\u013ek\u00e1 ma\u013eovanka pre deti\u010dky <span class=\"x3nfvp2 x1j61x8r x1fcty0u xdj266r xhhsvwb xat24cr xgzva0m xxymvpz xlup9mm x1kky2od\"><img decoding=\"async\" src=\"https:\/\/static.xx.fbcdn.net\/images\/emoji.php\/v9\/t1e\/2\/16\/1f60a.png\" alt=\"\ud83d\ude0a\" width=\"16\" height=\"16\" \/><\/span><\/div>\n<\/div>\n<div class=\"x11i5rnm xat24cr x1mh8g0r x1vvkbs xtlvy1s x126k92a\"><\/div>\n","protected":false},"excerpt":{"rendered":"<p>STIAHNITE SI ZADARMO: Halloween &#8211; ma\u013eovanka S\u00fabor obsahuje 8 listov A4, ktor\u00e9 si vytla\u010d\u00edte a prilep\u00edte na A1. Vznikne V\u00e1m ve\u013ek\u00e1 ma\u013eovanka pre deti\u010dky<\/p>\n","protected":false},"featured_media":318,"template":"","meta":[],"product_brand":[],"product_cat":[24],"product_tag":[],"class_list":{"0":"post-315","1":"product","2":"type-product","3":"status-publish","4":"has-post-thumbnail","6":"product_cat-malovanky","8":"first","9":"instock","10":"downloadable","11":"virtual","12":"taxable","13":"purchasable","14":"product-type-simple"},"_links":{"self":[{"href":"https:\/\/www.vychoska.sk\/index.php\/wp-json\/wp\/v2\/product\/315","targetHints":{"allow":["GET"]}}],"collection":[{"href":"https:\/\/www.vychoska.sk\/index.php\/wp-json\/wp\/v2\/product"}],"about":[{"href":"https:\/\/www.vychoska.sk\/index.php\/wp-json\/wp\/v2\/types\/product"}],"wp:featuredmedia":[{"embeddable":true,"href":"https:\/\/www.vychoska.sk\/index.php\/wp-json\/wp\/v2\/media\/318"}],"wp:attachment":[{"href":"https:\/\/www.vychoska.sk\/index.php\/wp-json\/wp\/v2\/media?parent=315"}],"wp:term":[{"taxonomy":"product_brand","embeddable":true,"href":"https:\/\/www.vychoska.sk\/index.php\/wp-json\/wp\/v2\/product_brand?post=315"},{"taxonomy":"product_cat","embeddable":true,"href":"https:\/\/www.vychoska.sk\/index.php\/wp-json\/wp\/v2\/product_cat?post=315"},{"taxonomy":"product_tag","embeddable":true,"href":"https:\/\/www.vychoska.sk\/index.php\/wp-json\/wp\/v2\/product_tag?post=315"}],"curies":[{"name":"wp","href":"https:\/\/api.w.org\/{rel}","templated":true}]}}