{"id":3192,"date":"2025-09-07T20:13:41","date_gmt":"2025-09-07T18:13:41","guid":{"rendered":"https:\/\/www.vychoska.sk\/?post_type=product&#038;p=3192"},"modified":"2025-09-08T11:29:37","modified_gmt":"2025-09-08T09:29:37","slug":"nalepky-nie-len-do-diara-a5","status":"publish","type":"product","link":"https:\/\/www.vychoska.sk\/index.php\/product\/nalepky-nie-len-do-diara-a5\/","title":{"rendered":"N\u00e1lepky A5 (nie len) do di\u00e1ra"},"content":{"rendered":"<p class=\"p1\">T\u00e1to sada n\u00e1lepiek je ide\u00e1lna pre v\u0161etk\u00fdch, ktor\u00ed radi prid\u00e1vaj\u00fa \u0161peci\u00e1lne prvky do svojho di\u00e1ra, pozn\u00e1mkov\u00e9ho bloku alebo na in\u00e9 kreat\u00edvne projekty. V balen\u00ed n\u00e1jde\u0161 r\u00f4zne dizajny n\u00e1lepiek, ktor\u00e9 s\u00fa starostlivo vyrezan\u00e9 pod\u013ea svojho tvaru, \u010do im dod\u00e1va jedine\u010dn\u00fd a profesion\u00e1lny vzh\u013ead. Sady obsahuj\u00fa:<\/p>\n<p><b>Mixov\u00e1 sada<\/b>: Obsahuje 22 r\u00f4znych n\u00e1lepiek, ktor\u00e9 predstavuj\u00fa mix r\u00f4znych dizajnov, ako s\u00fa srdie\u010dka, zvon\u010dek, noty a mnoho \u010fals\u00edch. \u010c\u00edm viac n\u00e1lepiek si objedn\u00e1\u0161, t\u00fdm v\u00fdhodnej\u0161iu cenu za kus z\u00edska\u0161! N\u00e1lepky s\u00fa ide\u00e1lne pre v\u0161etk\u00fdch, ktor\u00ed chc\u00fa doda\u0165 svojim z\u00e1piskom alebo projektom osobn\u00fd a vesel\u00fd dotyk.<\/p>\n<p class=\"p1\"><em><b>Upozornenie:<\/b> Tieto n\u00e1lepky s\u00fa ur\u010den\u00e9 predov\u0161etk\u00fdm na pou\u017eitie v interi\u00e9ri, napr\u00edklad na di\u00e1r, z\u00e1pisn\u00edk, pl\u00e1nova\u010d alebo in\u00e9 papierov\u00e9 povrchy. Nie s\u00fa vhodn\u00e9 na pou\u017eitie na exteri\u00e9rov\u00e9 povrchy, ako s\u00fa mobily, tablety alebo in\u00e9 zariadenia, ktor\u00e9 s\u00fa vystaven\u00e9 \u010dast\u00e9mu kontaktu a vonkaj\u0161iemu vplyvom. Pre dlhodob\u00fa \u017eivotnos\u0165 odpor\u00facame, aby ste n\u00e1lepky pou\u017e\u00edvali len na interi\u00e9rov\u00e9 povrchy.<\/em><\/p>\n","protected":false},"excerpt":{"rendered":"<p>T\u00e1to sada n\u00e1lepiek je ide\u00e1lna pre v\u0161etk\u00fdch, ktor\u00ed radi prid\u00e1vaj\u00fa \u0161peci\u00e1lne prvky do svojho di\u00e1ra, pozn\u00e1mkov\u00e9ho bloku alebo na in\u00e9 kreat\u00edvne projekty. V balen\u00ed n\u00e1jde\u0161 r\u00f4zne dizajny n\u00e1lepiek, ktor\u00e9 s\u00fa starostlivo vyrezan\u00e9 pod\u013ea svojho tvaru, \u010do im dod\u00e1va jedine\u010dn\u00fd a profesion\u00e1lny vzh\u013ead. Sady obsahuj\u00fa: Mixov\u00e1 sada: Obsahuje 22 r\u00f4znych n\u00e1lepiek, ktor\u00e9 predstavuj\u00fa mix r\u00f4znych dizajnov, [&hellip;]<\/p>\n","protected":false},"featured_media":1460,"template":"","meta":[],"product_brand":[],"product_cat":[19],"product_tag":[],"class_list":{"0":"post-3192","1":"product","2":"type-product","3":"status-publish","4":"has-post-thumbnail","6":"product_cat-vychoska-merch","7":"product_shipping_class-lahke","9":"first","10":"instock","11":"sale","12":"taxable","13":"shipping-taxable","14":"purchasable","15":"product-type-simple"},"_links":{"self":[{"href":"https:\/\/www.vychoska.sk\/index.php\/wp-json\/wp\/v2\/product\/3192","targetHints":{"allow":["GET"]}}],"collection":[{"href":"https:\/\/www.vychoska.sk\/index.php\/wp-json\/wp\/v2\/product"}],"about":[{"href":"https:\/\/www.vychoska.sk\/index.php\/wp-json\/wp\/v2\/types\/product"}],"wp:featuredmedia":[{"embeddable":true,"href":"https:\/\/www.vychoska.sk\/index.php\/wp-json\/wp\/v2\/media\/1460"}],"wp:attachment":[{"href":"https:\/\/www.vychoska.sk\/index.php\/wp-json\/wp\/v2\/media?parent=3192"}],"wp:term":[{"taxonomy":"product_brand","embeddable":true,"href":"https:\/\/www.vychoska.sk\/index.php\/wp-json\/wp\/v2\/product_brand?post=3192"},{"taxonomy":"product_cat","embeddable":true,"href":"https:\/\/www.vychoska.sk\/index.php\/wp-json\/wp\/v2\/product_cat?post=3192"},{"taxonomy":"product_tag","embeddable":true,"href":"https:\/\/www.vychoska.sk\/index.php\/wp-json\/wp\/v2\/product_tag?post=3192"}],"curies":[{"name":"wp","href":"https:\/\/api.w.org\/{rel}","templated":true}]}}