{"id":3332,"date":"2025-11-12T09:34:40","date_gmt":"2025-11-12T08:34:40","guid":{"rendered":"https:\/\/www.vychoska.sk\/?post_type=product&#038;p=3332"},"modified":"2025-11-12T09:34:41","modified_gmt":"2025-11-12T08:34:41","slug":"adventny-kalendar","status":"publish","type":"product","link":"https:\/\/www.vychoska.sk\/index.php\/product\/adventny-kalendar\/","title":{"rendered":"Adventn\u00fd kalend\u00e1r"},"content":{"rendered":"<div dir=\"auto\">ADVENTN\u00dd KALEND\u00c1R <span class=\"html-span xexx8yu xyri2b x18d9i69 x1c1uobl x1hl2dhg x16tdsg8 x1vvkbs x3nfvp2 x1j61x8r x1fcty0u xdj266r xat24cr xm2jcoa x1mpyi22 xxymvpz xlup9mm x1kky2od\"><img decoding=\"async\" class=\"xz74otr x15mokao x1ga7v0g x16uus16 xbiv7yw\" src=\"https:\/\/static.xx.fbcdn.net\/images\/emoji.php\/v9\/ta6\/2\/16\/1f384.png\" alt=\"\ud83c\udf84\" width=\"16\" height=\"16\" \/><\/span><\/div>\n<div dir=\"auto\">Aktivity pre deti na ka\u017ed\u00fd de\u0148<\/div>\n<div dir=\"auto\">S\u00fabor je vo form\u00e1te A4\/PDF a obsahuje 24 listov<\/div>\n<div dir=\"auto\">Viete si to vytla\u010di\u0165 aj na A5.<\/div>\n","protected":false},"excerpt":{"rendered":"<p>ADVENTN\u00dd KALEND\u00c1R Aktivity pre deti na ka\u017ed\u00fd de\u0148 S\u00fabor je vo form\u00e1te A4\/PDF a obsahuje 24 listov Viete si to vytla\u010di\u0165 aj na A5.<\/p>\n","protected":false},"featured_media":3335,"template":"","meta":[],"product_brand":[],"product_cat":[17],"product_tag":[],"class_list":{"0":"post-3332","1":"product","2":"type-product","3":"status-publish","4":"has-post-thumbnail","6":"product_cat-sviatky","8":"first","9":"instock","10":"downloadable","11":"virtual","12":"taxable","13":"purchasable","14":"product-type-simple"},"_links":{"self":[{"href":"https:\/\/www.vychoska.sk\/index.php\/wp-json\/wp\/v2\/product\/3332","targetHints":{"allow":["GET"]}}],"collection":[{"href":"https:\/\/www.vychoska.sk\/index.php\/wp-json\/wp\/v2\/product"}],"about":[{"href":"https:\/\/www.vychoska.sk\/index.php\/wp-json\/wp\/v2\/types\/product"}],"wp:featuredmedia":[{"embeddable":true,"href":"https:\/\/www.vychoska.sk\/index.php\/wp-json\/wp\/v2\/media\/3335"}],"wp:attachment":[{"href":"https:\/\/www.vychoska.sk\/index.php\/wp-json\/wp\/v2\/media?parent=3332"}],"wp:term":[{"taxonomy":"product_brand","embeddable":true,"href":"https:\/\/www.vychoska.sk\/index.php\/wp-json\/wp\/v2\/product_brand?post=3332"},{"taxonomy":"product_cat","embeddable":true,"href":"https:\/\/www.vychoska.sk\/index.php\/wp-json\/wp\/v2\/product_cat?post=3332"},{"taxonomy":"product_tag","embeddable":true,"href":"https:\/\/www.vychoska.sk\/index.php\/wp-json\/wp\/v2\/product_tag?post=3332"}],"curies":[{"name":"wp","href":"https:\/\/api.w.org\/{rel}","templated":true}]}}