{"id":530,"date":"2023-10-31T12:28:42","date_gmt":"2023-10-31T11:28:42","guid":{"rendered":"https:\/\/www.vychoska.sk\/?post_type=product&#038;p=530"},"modified":"2025-09-17T19:50:04","modified_gmt":"2025-09-17T17:50:04","slug":"emocie","status":"publish","type":"product","link":"https:\/\/www.vychoska.sk\/index.php\/product\/emocie\/","title":{"rendered":"Em\u00f3cie"},"content":{"rendered":"<div class=\"xdj266r x11i5rnm xat24cr x1mh8g0r x1vvkbs x126k92a\">\n<div dir=\"auto\">EM\u00d3CIE <span class=\"x3nfvp2 x1j61x8r x1fcty0u xdj266r xhhsvwb xat24cr xgzva0m xxymvpz xlup9mm x1kky2od\"><img decoding=\"async\" class=\"xz74otr\" src=\"https:\/\/static.xx.fbcdn.net\/images\/emoji.php\/v9\/teb\/2\/16\/1f642.png\" alt=\"\ud83d\ude42\" width=\"16\" height=\"16\" \/><\/span><span class=\"x3nfvp2 x1j61x8r x1fcty0u xdj266r xhhsvwb xat24cr xgzva0m xxymvpz xlup9mm x1kky2od\"><img decoding=\"async\" class=\"xz74otr\" src=\"https:\/\/static.xx.fbcdn.net\/images\/emoji.php\/v9\/t1f\/2\/16\/1f92a.png\" alt=\"\ud83e\udd2a\" width=\"16\" height=\"16\" \/><\/span><span class=\"x3nfvp2 x1j61x8r x1fcty0u xdj266r xhhsvwb xat24cr xgzva0m xxymvpz xlup9mm x1kky2od\"><img decoding=\"async\" class=\"xz74otr\" src=\"https:\/\/static.xx.fbcdn.net\/images\/emoji.php\/v9\/t2c\/2\/16\/1f621.png\" alt=\"\ud83d\ude21\" width=\"16\" height=\"16\" \/><\/span><span class=\"x3nfvp2 x1j61x8r x1fcty0u xdj266r xhhsvwb xat24cr xgzva0m xxymvpz xlup9mm x1kky2od\"><img loading=\"lazy\" decoding=\"async\" class=\"xz74otr\" src=\"https:\/\/static.xx.fbcdn.net\/images\/emoji.php\/v9\/tdf\/2\/16\/1f62d.png\" alt=\"\ud83d\ude2d\" width=\"16\" height=\"16\" \/><\/span><span class=\"x3nfvp2 x1j61x8r x1fcty0u xdj266r xhhsvwb xat24cr xgzva0m xxymvpz xlup9mm x1kky2od\"><img loading=\"lazy\" decoding=\"async\" class=\"xz74otr\" src=\"https:\/\/static.xx.fbcdn.net\/images\/emoji.php\/v9\/t4c\/2\/16\/1f632.png\" alt=\"\ud83d\ude32\" width=\"16\" height=\"16\" \/><\/span><span class=\"x3nfvp2 x1j61x8r x1fcty0u xdj266r xhhsvwb xat24cr xgzva0m xxymvpz xlup9mm x1kky2od\"><img loading=\"lazy\" decoding=\"async\" class=\"xz74otr\" src=\"https:\/\/static.xx.fbcdn.net\/images\/emoji.php\/v9\/tee\/2\/16\/1f601.png\" alt=\"\ud83d\ude01\" width=\"16\" height=\"16\" \/><\/span><span class=\"x3nfvp2 x1j61x8r x1fcty0u xdj266r xhhsvwb xat24cr xgzva0m xxymvpz xlup9mm x1kky2od\"><img loading=\"lazy\" decoding=\"async\" class=\"xz74otr\" src=\"https:\/\/static.xx.fbcdn.net\/images\/emoji.php\/v9\/ta1\/2\/16\/1f60d.png\" alt=\"\ud83d\ude0d\" width=\"16\" height=\"16\" \/><\/span><\/div>\n<\/div>\n<div class=\"x11i5rnm xat24cr x1mh8g0r x1vvkbs xtlvy1s x126k92a\">\n<div dir=\"auto\">Je d\u00f4le\u017eit\u00e9 pom\u00f4c\u0165 de\u0165om rozv\u00edja\u0165 ich soci\u00e1lno &#8211; emocion\u00e1lne zru\u010dnosti a z\u00f3ny m\u00f4\u017eu by\u0165 ve\u013emi u\u017eito\u010dn\u00fdm n\u00e1strojom pre u\u010dite\u013eov, vychov\u00e1vate\u013eov, ktor\u00ed de\u0165om pom\u00f4\u017eu zvl\u00e1dnu\u0165 ich &#8220;VE\u013dK\u00c9 EM\u00d3CIE&#8221; a nau\u010di\u0165 sa o nich. <span class=\"x3nfvp2 x1j61x8r x1fcty0u xdj266r xhhsvwb xat24cr xgzva0m xxymvpz xlup9mm x1kky2od\"><img loading=\"lazy\" decoding=\"async\" class=\"xz74otr\" src=\"https:\/\/static.xx.fbcdn.net\/images\/emoji.php\/v9\/ted\/2\/16\/2764.png\" alt=\"\u2764\ufe0f\" width=\"16\" height=\"16\" \/><\/span><\/div>\n<\/div>\n<div class=\"x11i5rnm xat24cr x1mh8g0r x1vvkbs xtlvy1s x126k92a\">\n<div dir=\"auto\">S\u00fabor je vo form\u00e1te PDF\/A4 a obsahuje dokopy 22 listov.<\/div>\n<div dir=\"auto\">Obsahuje:<\/div>\n<div dir=\"auto\">&#8211; plag\u00e1t &#8220;Ako sa dnes c\u00edti\u0161 ?&#8221;<\/div>\n<div dir=\"auto\">&#8211; Ak\u00fd ve\u013ek\u00fd je m\u00f4j probl\u00e9m?<\/div>\n<div dir=\"auto\">&#8211; Anal\u00fdza m\u00f4jho probl\u00e9mu<\/div>\n<div dir=\"auto\">&#8211; Pochopenie svojich pocitov<\/div>\n<div dir=\"auto\">&#8211; M\u00f4j t\u00fd\u017ede\u0148 em\u00f3ci\u00ed<\/div>\n<div dir=\"auto\">&#8211; V ktorej z\u00f3ne sa nach\u00e1dzaj\u00fa?<\/div>\n<div dir=\"auto\">&#8211; Upokojuj\u00face techniky<\/div>\n<div dir=\"auto\">&#8211; at\u010f&#8230;<\/div>\n<\/div>\n","protected":false},"excerpt":{"rendered":"<p>EM\u00d3CIE Je d\u00f4le\u017eit\u00e9 pom\u00f4c\u0165 de\u0165om rozv\u00edja\u0165 ich soci\u00e1lno &#8211; emocion\u00e1lne zru\u010dnosti a z\u00f3ny m\u00f4\u017eu by\u0165 ve\u013emi u\u017eito\u010dn\u00fdm n\u00e1strojom pre u\u010dite\u013eov, vychov\u00e1vate\u013eov, ktor\u00ed de\u0165om pom\u00f4\u017eu zvl\u00e1dnu\u0165 ich &#8220;VE\u013dK\u00c9 EM\u00d3CIE&#8221; a nau\u010di\u0165 sa o nich. S\u00fabor je vo form\u00e1te PDF\/A4 a obsahuje dokopy 22 listov. Obsahuje: &#8211; plag\u00e1t &#8220;Ako sa dnes c\u00edti\u0161 ?&#8221; &#8211; Ak\u00fd ve\u013ek\u00fd je [&hellip;]<\/p>\n","protected":false},"featured_media":531,"template":"","meta":[],"product_brand":[],"product_cat":[23],"product_tag":[],"class_list":{"0":"post-530","1":"product","2":"type-product","3":"status-publish","4":"has-post-thumbnail","6":"product_cat-nasa-spolocnost","8":"first","9":"instock","10":"downloadable","11":"virtual","12":"taxable","13":"purchasable","14":"product-type-simple"},"_links":{"self":[{"href":"https:\/\/www.vychoska.sk\/index.php\/wp-json\/wp\/v2\/product\/530","targetHints":{"allow":["GET"]}}],"collection":[{"href":"https:\/\/www.vychoska.sk\/index.php\/wp-json\/wp\/v2\/product"}],"about":[{"href":"https:\/\/www.vychoska.sk\/index.php\/wp-json\/wp\/v2\/types\/product"}],"wp:featuredmedia":[{"embeddable":true,"href":"https:\/\/www.vychoska.sk\/index.php\/wp-json\/wp\/v2\/media\/531"}],"wp:attachment":[{"href":"https:\/\/www.vychoska.sk\/index.php\/wp-json\/wp\/v2\/media?parent=530"}],"wp:term":[{"taxonomy":"product_brand","embeddable":true,"href":"https:\/\/www.vychoska.sk\/index.php\/wp-json\/wp\/v2\/product_brand?post=530"},{"taxonomy":"product_cat","embeddable":true,"href":"https:\/\/www.vychoska.sk\/index.php\/wp-json\/wp\/v2\/product_cat?post=530"},{"taxonomy":"product_tag","embeddable":true,"href":"https:\/\/www.vychoska.sk\/index.php\/wp-json\/wp\/v2\/product_tag?post=530"}],"curies":[{"name":"wp","href":"https:\/\/api.w.org\/{rel}","templated":true}]}}