{"id":54,"date":"2023-07-07T20:42:39","date_gmt":"2023-07-07T18:42:39","guid":{"rendered":"https:\/\/www.vychoska.sk\/?post_type=product&#038;p=54"},"modified":"2024-09-02T21:57:31","modified_gmt":"2024-09-02T19:57:31","slug":"mikina-vychoska","status":"publish","type":"product","link":"https:\/\/www.vychoska.sk\/index.php\/product\/mikina-vychoska\/","title":{"rendered":"Mikina vycho\u0161ka"},"content":{"rendered":"<p>D\u00e1mska mikina s vy\u0161\u00edvan\u00fdm n\u00e1pisom &#8220;VYCHO\u0160KA&#8221; v jednofarebnom preveden\u00ed.<\/p>\n","protected":false},"excerpt":{"rendered":"<p>D\u00e1mska mikina s vy\u0161\u00edvan\u00fdm n\u00e1pisom &#8220;VYCHO\u0160KA&#8221; v jednofarebnom preveden\u00ed.<\/p>\n","protected":false},"featured_media":18,"template":"","meta":[],"product_brand":[],"product_cat":[19],"product_tag":[],"class_list":{"0":"post-54","1":"product","2":"type-product","3":"status-publish","4":"has-post-thumbnail","6":"product_cat-vychoska-merch","7":"product_shipping_class-stredne-tazke","9":"first","10":"instock","11":"taxable","12":"shipping-taxable","13":"purchasable","14":"product-type-variable"},"_links":{"self":[{"href":"https:\/\/www.vychoska.sk\/index.php\/wp-json\/wp\/v2\/product\/54","targetHints":{"allow":["GET"]}}],"collection":[{"href":"https:\/\/www.vychoska.sk\/index.php\/wp-json\/wp\/v2\/product"}],"about":[{"href":"https:\/\/www.vychoska.sk\/index.php\/wp-json\/wp\/v2\/types\/product"}],"wp:featuredmedia":[{"embeddable":true,"href":"https:\/\/www.vychoska.sk\/index.php\/wp-json\/wp\/v2\/media\/18"}],"wp:attachment":[{"href":"https:\/\/www.vychoska.sk\/index.php\/wp-json\/wp\/v2\/media?parent=54"}],"wp:term":[{"taxonomy":"product_brand","embeddable":true,"href":"https:\/\/www.vychoska.sk\/index.php\/wp-json\/wp\/v2\/product_brand?post=54"},{"taxonomy":"product_cat","embeddable":true,"href":"https:\/\/www.vychoska.sk\/index.php\/wp-json\/wp\/v2\/product_cat?post=54"},{"taxonomy":"product_tag","embeddable":true,"href":"https:\/\/www.vychoska.sk\/index.php\/wp-json\/wp\/v2\/product_tag?post=54"}],"curies":[{"name":"wp","href":"https:\/\/api.w.org\/{rel}","templated":true}]}}