{"id":582,"date":"2023-11-17T13:52:39","date_gmt":"2023-11-17T12:52:39","guid":{"rendered":"https:\/\/www.vychoska.sk\/?post_type=product&#038;p=582"},"modified":"2023-11-18T16:05:41","modified_gmt":"2023-11-18T15:05:41","slug":"stolova-hra-pirrratsky-poklad","status":"publish","type":"product","link":"https:\/\/www.vychoska.sk\/index.php\/product\/stolova-hra-pirrratsky-poklad\/","title":{"rendered":"Stolov\u00e1 hra &#8220;Pirrr\u00e1tsky poklad&#8221;"},"content":{"rendered":"<div dir=\"auto\">PIRRR\u00c1TSKY POKLAD &#8211; stolov\u00e1 hra <span class=\"x3nfvp2 x1j61x8r x1fcty0u xdj266r xhhsvwb xat24cr xgzva0m xxymvpz xlup9mm x1kky2od\"><img decoding=\"async\" class=\"xz74otr\" src=\"https:\/\/static.xx.fbcdn.net\/images\/emoji.php\/v9\/t28\/2\/16\/1f3f4_200d_2620.png\" alt=\"\ud83c\udff4\u200d\u2620\ufe0f\" width=\"16\" height=\"16\" \/><\/span><span class=\"x3nfvp2 x1j61x8r x1fcty0u xdj266r xhhsvwb xat24cr xgzva0m xxymvpz xlup9mm x1kky2od\"><img decoding=\"async\" class=\"xz74otr\" src=\"https:\/\/static.xx.fbcdn.net\/images\/emoji.php\/v9\/t7a\/2\/16\/1f99c.png\" alt=\"\ud83e\udd9c\" width=\"16\" height=\"16\" \/><\/span><span class=\"x3nfvp2 x1j61x8r x1fcty0u xdj266r xhhsvwb xat24cr xgzva0m xxymvpz xlup9mm x1kky2od\"><img decoding=\"async\" class=\"xz74otr\" src=\"https:\/\/static.xx.fbcdn.net\/images\/emoji.php\/v9\/t2a\/2\/16\/1f3dd.png\" alt=\"\ud83c\udfdd\" width=\"16\" height=\"16\" \/><\/span><\/div>\n<div dir=\"auto\"><span class=\"x3nfvp2 x1j61x8r x1fcty0u xdj266r xhhsvwb xat24cr xgzva0m xxymvpz xlup9mm x1kky2od\"><img loading=\"lazy\" decoding=\"async\" class=\"xz74otr\" src=\"https:\/\/static.xx.fbcdn.net\/images\/emoji.php\/v9\/t89\/2\/16\/2694.png\" alt=\"\u2694\ufe0f\" width=\"16\" height=\"16\" \/><\/span>Ka\u017ed\u00fd m\u00e1 r\u00e1d pir\u00e1tov. Vypl\u00e1vajte s de\u0165mi na more a pomocou mapy n\u00e1jdite pir\u00e1tsky poklad.<\/div>\n<div dir=\"auto\"><span class=\"x3nfvp2 x1j61x8r x1fcty0u xdj266r xhhsvwb xat24cr xgzva0m xxymvpz xlup9mm x1kky2od\"><img loading=\"lazy\" decoding=\"async\" class=\"xz74otr\" src=\"https:\/\/static.xx.fbcdn.net\/images\/emoji.php\/v9\/t4b\/2\/16\/1f4cc.png\" alt=\"\ud83d\udccc\" width=\"16\" height=\"16\" \/><\/span>Obsahuje:<\/div>\n<div dir=\"auto\">&#8211; hern\u00fd pl\u00e1n vo ve\u013ekosti A3<\/div>\n<div dir=\"auto\">&#8211; hern\u00e9 fig\u00farky pre hr\u00e1\u010dov<\/div>\n<div dir=\"auto\">&#8211; kocka<\/div>\n<div dir=\"auto\">&#8211; r\u00f4zne pol\u00ed\u010dka s \u00falohami<\/div>\n<div dir=\"auto\">S\u00fabor odosielam vo form\u00e1te PDF.<\/div>\n","protected":false},"excerpt":{"rendered":"<p>PIRRR\u00c1TSKY POKLAD &#8211; stolov\u00e1 hra Ka\u017ed\u00fd m\u00e1 r\u00e1d pir\u00e1tov. Vypl\u00e1vajte s de\u0165mi na more a pomocou mapy n\u00e1jdite pir\u00e1tsky poklad. Obsahuje: &#8211; hern\u00fd pl\u00e1n vo ve\u013ekosti A3 &#8211; hern\u00e9 fig\u00farky pre hr\u00e1\u010dov &#8211; kocka &#8211; r\u00f4zne pol\u00ed\u010dka s \u00falohami S\u00fabor odosielam vo form\u00e1te PDF.<\/p>\n","protected":false},"featured_media":584,"template":"","meta":[],"product_brand":[],"product_cat":[25],"product_tag":[],"class_list":{"0":"post-582","1":"product","2":"type-product","3":"status-publish","4":"has-post-thumbnail","6":"product_cat-hry","8":"first","9":"instock","10":"downloadable","11":"virtual","12":"taxable","13":"purchasable","14":"product-type-simple"},"_links":{"self":[{"href":"https:\/\/www.vychoska.sk\/index.php\/wp-json\/wp\/v2\/product\/582","targetHints":{"allow":["GET"]}}],"collection":[{"href":"https:\/\/www.vychoska.sk\/index.php\/wp-json\/wp\/v2\/product"}],"about":[{"href":"https:\/\/www.vychoska.sk\/index.php\/wp-json\/wp\/v2\/types\/product"}],"wp:featuredmedia":[{"embeddable":true,"href":"https:\/\/www.vychoska.sk\/index.php\/wp-json\/wp\/v2\/media\/584"}],"wp:attachment":[{"href":"https:\/\/www.vychoska.sk\/index.php\/wp-json\/wp\/v2\/media?parent=582"}],"wp:term":[{"taxonomy":"product_brand","embeddable":true,"href":"https:\/\/www.vychoska.sk\/index.php\/wp-json\/wp\/v2\/product_brand?post=582"},{"taxonomy":"product_cat","embeddable":true,"href":"https:\/\/www.vychoska.sk\/index.php\/wp-json\/wp\/v2\/product_cat?post=582"},{"taxonomy":"product_tag","embeddable":true,"href":"https:\/\/www.vychoska.sk\/index.php\/wp-json\/wp\/v2\/product_tag?post=582"}],"curies":[{"name":"wp","href":"https:\/\/api.w.org\/{rel}","templated":true}]}}