{"id":67,"date":"2023-08-21T15:47:42","date_gmt":"2023-08-21T13:47:42","guid":{"rendered":"https:\/\/www.vychoska.sk\/?post_type=product&#038;p=67"},"modified":"2023-11-01T13:54:09","modified_gmt":"2023-11-01T12:54:09","slug":"diar-pre-vychosku-2023-2024","status":"publish","type":"product","link":"https:\/\/www.vychoska.sk\/index.php\/product\/diar-pre-vychosku-2023-2024\/","title":{"rendered":"Di\u00e1r pre Vycho\u0161ku 2023\/2024"},"content":{"rendered":"<p class=\"p1\"><b>&#8220;Di\u00e1r Vycho\u0161ka &#8211; od vycho\u0161ky pre vycho\u0161ku&#8221;<\/b><\/p>\n<p class=\"p1\"><b><span class=\"x3nfvp2 x1j61x8r x1fcty0u xdj266r xhhsvwb xat24cr xgzva0m xxymvpz xlup9mm x1kky2od\"><img decoding=\"async\" src=\"https:\/\/static.xx.fbcdn.net\/images\/emoji.php\/v9\/t8c\/1\/16\/1f389.png\" alt=\"\ud83c\udf89\" width=\"16\" height=\"16\" \/><\/span><span class=\"x3nfvp2 x1j61x8r x1fcty0u xdj266r xhhsvwb xat24cr xgzva0m xxymvpz xlup9mm x1kky2od\"><img decoding=\"async\" src=\"https:\/\/static.xx.fbcdn.net\/images\/emoji.php\/v9\/t2\/1\/16\/1f60d.png\" alt=\"\ud83d\ude0d\" width=\"16\" height=\"16\" \/><\/span>Mil\u00e9 kolegynky, vst\u00fapte do nov\u00e9ho \u0161kolsk\u00e9ho roka 2023\/2024 s kr\u00e1snym a elegantn\u00fdm di\u00e1rom, ktor\u00fd som pre V\u00e1s &#8220;vycho\u0161ky&#8221; vytvorila na mieru.<\/b><\/p>\n<p>M\u00f4\u017ete si zvoli\u0165 aj druh\u00fa verziu &#8221; Di\u00e1r pre vychov\u00e1vate\u013eku&#8221; &#8211; Nako\u013eko ob\u00e1lky s\u00fa u\u017e vo v\u00fdrobe a ich v\u00fdmena by bola komplikovan\u00e1, h\u013eadala som kreat\u00edvne rie\u0161enie.<\/p>\n<p>S rados\u0165ou v\u00e1m oznamujem, \u017ee sme prijali zmeny a verzia &#8220;pre vychov\u00e1vate\u013eky&#8221; bude obsahova\u0165 kvalitn\u00fa vysokoodoln\u00fa n\u00e1lepku, ktor\u00e1 esteticky zakryje p\u00f4vodn\u00fd n\u00e1zov.<\/p>\n<div class=\"x11i5rnm xat24cr x1mh8g0r x1vvkbs xtlvy1s x126k92a\">\n<div dir=\"auto\">Pri zak\u00fapen\u00ed di\u00e1ra z\u00edskate<span class=\"x3nfvp2 x1j61x8r x1fcty0u xdj266r xhhsvwb xat24cr xgzva0m xxymvpz xlup9mm x1kky2od\"><img decoding=\"async\" src=\"https:\/\/static.xx.fbcdn.net\/images\/emoji.php\/v9\/tea\/1\/16\/1f970.png\" alt=\"\ud83e\udd70\" width=\"16\" height=\"16\" \/><\/span> &#8220;KUP\u00d3N 5\u20ac&#8221;<span class=\"x3nfvp2 x1j61x8r x1fcty0u xdj266r xhhsvwb xat24cr xgzva0m xxymvpz xlup9mm x1kky2od\"><img loading=\"lazy\" decoding=\"async\" src=\"https:\/\/static.xx.fbcdn.net\/images\/emoji.php\/v9\/t39\/1\/16\/1f4e2.png\" alt=\"\ud83d\udce2\" width=\"16\" height=\"16\" \/><\/span> na moje grafick\u00e9 materi\u00e1ly.<\/div>\n<div dir=\"auto\"><\/div>\n<div dir=\"auto\">Di\u00e1r pre Vycho\u0161ky je \u0161peci\u00e1lne navrhnut\u00fd pre vychov\u00e1vate\u013eky na z\u00e1kladn\u00fdch \u0161kol\u00e1ch, aby im pomohol zaznamen\u00e1va\u0165 si svoje ka\u017edodenn\u00e9 sk\u00fasenosti, z\u00e1\u017eitky a \u00favahy. Svoj\u00edm nen\u00faten\u00fdm \u0161t\u00fdlom a v\u00fdnimo\u010dn\u00fdm dizajnom pon\u00faka priestor na reflexiu, tvoriv\u00fa sebareflexiu a z\u00e1rove\u0148 praktick\u00e9 n\u00e1stroje pre efekt\u00edvnu pr\u00e1cu s de\u0165mi. Di\u00e1r m\u00e1 184 str\u00e1n, \u010do zodpoved\u00e1 ka\u017ed\u00e9mu dni \u0161kolsk\u00e9ho roka a je navrhnut\u00fd s oh\u013eadom na \u0161pecifick\u00e9 potreby vychov\u00e1vate\u013eov.<\/div>\n<\/div>\n<p class=\"p3\">Vlastnosti di\u00e1ra:<\/p>\n<ul class=\"ul1\">\n<li class=\"li3\"><b>Prisp\u00f4soben\u00fd denn\u00fdm potreb\u00e1m vychov\u00e1vateliek: <\/b>V di\u00e1ri sa nach\u00e1dzaj\u00fa praktick\u00e9 zoznamy det\u00ed, kr\u00fa\u017ekov, zastupovan\u00ed \u010di priestor na hl\u00e1\u0161ky det\u00ed. V\u0161etko \u010do potrebujete od di\u00e1ra.<\/li>\n<li class=\"li3\"><b>Str\u00e1nky pre ka\u017ed\u00fd de\u0148:<\/b> Di\u00e1r pon\u00faka priestor na ka\u017ed\u00fd de\u0148 \u0161kolsk\u00e9ho roka, aby vychov\u00e1vate\u013eky mohli zaznamen\u00e1va\u0165 svoje dojmy, sk\u00fasenosti a n\u00e1pady. Ka\u017ed\u00e1 str\u00e1nka je akoby pl\u00e1tnom pre vyjadrenie toho, \u010do sa de\u0148 \u010do de\u0148 odohr\u00e1va &#8220;pre vycho\u0161ky, od vycho\u0161ky&#8221;.<\/li>\n<li class=\"li3\"><b>Otvoren\u00e9 ot\u00e1zky a priestor pre pozn\u00e1mky:<\/b> Ka\u017ed\u00e1 str\u00e1nka obsahuje ot\u00e1zky zameran\u00e9 na reflexiu a zdie\u013eanie sk\u00fasenost\u00ed. Vychov\u00e1vate\u013eky maj\u00fa dostatok miesta na to, aby si mohli poznamena\u0165 svoje my\u0161lienky, zauj\u00edmav\u00e9 konverz\u00e1cie s de\u0165mi a pozn\u00e1mky oh\u013eadom ich pokroku.<\/li>\n<li class=\"li3\"><b>Tvoriv\u00e9 \u00falohy a aktivity &#8220;Tip od vycho\u0161ky&#8221;:<\/b> Di\u00e1r obsahuje str\u00e1nky s tvoriv\u00fdmi \u00falohami a aktivitami, ktor\u00e9 m\u00f4\u017eu vychov\u00e1vate\u013eky vyu\u017ei\u0165 pri pr\u00e1ci s de\u0165mi. Tieto \u00falohy podporuj\u00fa kreativitu, t\u00edmov\u00fa spolupr\u00e1cu a rozvoj dovednost\u00ed, ktor\u00e9 s\u00fa d\u00f4le\u017eit\u00e9 pre celostn\u00fd v\u00fdvin det\u00ed.<\/li>\n<li class=\"li3\"><b>Povzbudiv\u00e9 hl\u00e1\u0161ky:<\/b> Objavujte hl\u00e1\u0161ky, ktor\u00e9 bud\u00fa sl\u00fa\u017ei\u0165 ako vz\u00e1cne momentky povznesenia pre vychov\u00e1vate\u013eky po\u010das cel\u00e9ho \u0161kolsk\u00e9ho roka.<\/li>\n<\/ul>\n<p class=\"p3\">Celkov\u00fd dizajn di\u00e1ra je laden\u00fd do povzbudzuj\u00facich farieb, ktor\u00e9 odr\u00e1\u017eaj\u00fa atmosf\u00e9ru priate\u013eskej a podpornej n\u00e1lady. Di\u00e1r pre Vycho\u0161ky je viac ne\u017e len oby\u010dajn\u00fd di\u00e1r &#8211; je to sprievodca, n\u00e1stroj a pam\u00e4tn\u00edk, ktor\u00fd pom\u00e1ha vychov\u00e1vate\u013ek\u00e1m budova\u0165 siln\u00e9 vz\u0165ahy s de\u0165mi, rozv\u00edja\u0165 ich kreativitu a nap\u013a\u0148a\u0165 ka\u017ed\u00fd de\u0148 zmyslupln\u00fdmi aktivitami v ich spolo\u010dnom putovan\u00ed.<\/p>\n<p class=\"p3\">Di\u00e1r je v pevnej \u0161itej v\u00e4zbe s lacetkou (zakladacia \u0161n\u00farka), 184 str\u00e1n, farben\u00e9 prevedenie, ve\u013ekos\u0165 A5, obsahuje odkladaciu ob\u00e1lku.<\/p>\n","protected":false},"excerpt":{"rendered":"<p>&#8220;Di\u00e1r Vycho\u0161ka &#8211; od vycho\u0161ky pre vycho\u0161ku&#8221; Mil\u00e9 kolegynky, vst\u00fapte do nov\u00e9ho \u0161kolsk\u00e9ho roka 2023\/2024 s kr\u00e1snym a elegantn\u00fdm di\u00e1rom, ktor\u00fd som pre V\u00e1s &#8220;vycho\u0161ky&#8221; vytvorila na mieru. M\u00f4\u017ete si zvoli\u0165 aj druh\u00fa verziu &#8221; Di\u00e1r pre vychov\u00e1vate\u013eku&#8221; &#8211; Nako\u013eko ob\u00e1lky s\u00fa u\u017e vo v\u00fdrobe a ich v\u00fdmena by bola komplikovan\u00e1, h\u013eadala som kreat\u00edvne rie\u0161enie. [&hellip;]<\/p>\n","protected":false},"featured_media":74,"template":"","meta":[],"product_brand":[],"product_cat":[16],"product_tag":[20,21,22],"class_list":{"0":"post-67","1":"product","2":"type-product","3":"status-publish","4":"has-post-thumbnail","6":"product_cat-vychoska","7":"product_tag-diar","8":"product_tag-skolsky-rok","9":"product_tag-vychoska","11":"first","12":"outofstock","13":"sale","14":"taxable","15":"shipping-taxable","16":"purchasable","17":"product-type-variable"},"_links":{"self":[{"href":"https:\/\/www.vychoska.sk\/index.php\/wp-json\/wp\/v2\/product\/67","targetHints":{"allow":["GET"]}}],"collection":[{"href":"https:\/\/www.vychoska.sk\/index.php\/wp-json\/wp\/v2\/product"}],"about":[{"href":"https:\/\/www.vychoska.sk\/index.php\/wp-json\/wp\/v2\/types\/product"}],"wp:featuredmedia":[{"embeddable":true,"href":"https:\/\/www.vychoska.sk\/index.php\/wp-json\/wp\/v2\/media\/74"}],"wp:attachment":[{"href":"https:\/\/www.vychoska.sk\/index.php\/wp-json\/wp\/v2\/media?parent=67"}],"wp:term":[{"taxonomy":"product_brand","embeddable":true,"href":"https:\/\/www.vychoska.sk\/index.php\/wp-json\/wp\/v2\/product_brand?post=67"},{"taxonomy":"product_cat","embeddable":true,"href":"https:\/\/www.vychoska.sk\/index.php\/wp-json\/wp\/v2\/product_cat?post=67"},{"taxonomy":"product_tag","embeddable":true,"href":"https:\/\/www.vychoska.sk\/index.php\/wp-json\/wp\/v2\/product_tag?post=67"}],"curies":[{"name":"wp","href":"https:\/\/api.w.org\/{rel}","templated":true}]}}