{"id":805,"date":"2024-03-08T20:44:06","date_gmt":"2024-03-08T19:44:06","guid":{"rendered":"https:\/\/www.vychoska.sk\/?post_type=product&#038;p=805"},"modified":"2025-03-12T19:57:33","modified_gmt":"2025-03-12T18:57:33","slug":"malovanka-velkanoc","status":"publish","type":"product","link":"https:\/\/www.vychoska.sk\/index.php\/product\/malovanka-velkanoc\/","title":{"rendered":"Ma\u013eovanka Vesel\u00e1 Ve\u013ek\u00e1 noc"},"content":{"rendered":"<p>VESEL\u00c1 VE\u013dK\u00c1 NOC &#8211; XXL ma\u013eovanka \ud83e\udd70\ud83d\udc30\ud83e\udd55\ud83d\udd8d\ud83e\udd5a\ud83c\udf38\ud83c\udf37<\/p>\n<p>Pote\u0161te deti\u010dky ve\u013ekou XXL ma\u013eovankou na Vesel\u00fa Ve\u013ek\u00fa noc.<br \/>\nS\u00fabor obsahuje 8 listov A4, ktor\u00e9 si vytla\u010d\u00edte a prilep\u00edte na A1.<br \/>\nVznikne V\u00e1m kr\u00e1sna ve\u013ek\u00e1 ma\u013eovanka.<br \/>\nDeti bud\u00fa ma\u0165 ur\u010dite rados\u0165. \ud83d\ude0d<\/p>\n","protected":false},"excerpt":{"rendered":"<p>VESEL\u00c1 VE\u013dK\u00c1 NOC &#8211; XXL ma\u013eovanka \ud83e\udd70\ud83d\udc30\ud83e\udd55\ud83d\udd8d\ud83e\udd5a\ud83c\udf38\ud83c\udf37 Pote\u0161te deti\u010dky ve\u013ekou XXL ma\u013eovankou na Vesel\u00fa Ve\u013ek\u00fa noc. S\u00fabor obsahuje 8 listov A4, ktor\u00e9 si vytla\u010d\u00edte a prilep\u00edte na A1. Vznikne V\u00e1m kr\u00e1sna ve\u013ek\u00e1 ma\u013eovanka. Deti bud\u00fa ma\u0165 ur\u010dite rados\u0165. \ud83d\ude0d<\/p>\n","protected":false},"featured_media":806,"template":"","meta":[],"product_brand":[],"product_cat":[24],"product_tag":[],"class_list":{"0":"post-805","1":"product","2":"type-product","3":"status-publish","4":"has-post-thumbnail","6":"product_cat-malovanky","8":"first","9":"instock","10":"downloadable","11":"virtual","12":"taxable","13":"purchasable","14":"product-type-simple"},"_links":{"self":[{"href":"https:\/\/www.vychoska.sk\/index.php\/wp-json\/wp\/v2\/product\/805","targetHints":{"allow":["GET"]}}],"collection":[{"href":"https:\/\/www.vychoska.sk\/index.php\/wp-json\/wp\/v2\/product"}],"about":[{"href":"https:\/\/www.vychoska.sk\/index.php\/wp-json\/wp\/v2\/types\/product"}],"wp:featuredmedia":[{"embeddable":true,"href":"https:\/\/www.vychoska.sk\/index.php\/wp-json\/wp\/v2\/media\/806"}],"wp:attachment":[{"href":"https:\/\/www.vychoska.sk\/index.php\/wp-json\/wp\/v2\/media?parent=805"}],"wp:term":[{"taxonomy":"product_brand","embeddable":true,"href":"https:\/\/www.vychoska.sk\/index.php\/wp-json\/wp\/v2\/product_brand?post=805"},{"taxonomy":"product_cat","embeddable":true,"href":"https:\/\/www.vychoska.sk\/index.php\/wp-json\/wp\/v2\/product_cat?post=805"},{"taxonomy":"product_tag","embeddable":true,"href":"https:\/\/www.vychoska.sk\/index.php\/wp-json\/wp\/v2\/product_tag?post=805"}],"curies":[{"name":"wp","href":"https:\/\/api.w.org\/{rel}","templated":true}]}}