{"id":958,"date":"2024-04-07T19:45:46","date_gmt":"2024-04-07T17:45:46","guid":{"rendered":"https:\/\/www.vychoska.sk\/?post_type=product&#038;p=958"},"modified":"2025-11-12T08:20:30","modified_gmt":"2025-11-12T07:20:30","slug":"povolania3","status":"publish","type":"product","link":"https:\/\/www.vychoska.sk\/index.php\/product\/povolania3\/","title":{"rendered":"POVOLANIA III."},"content":{"rendered":"<div class=\"\" dir=\"auto\">\n<div id=\":r2m5:\" class=\"x1iorvi4 x1pi30zi x1l90r2v x1swvt13\" data-ad-comet-preview=\"message\" data-ad-preview=\"message\">\n<div class=\"x78zum5 xdt5ytf xz62fqu x16ldp7u\">\n<div class=\"xu06os2 x1ok221b\">\n<div class=\"xdj266r x11i5rnm xat24cr x1mh8g0r x1vvkbs x126k92a\">\n<div dir=\"auto\">\n<div dir=\"auto\">\n<div dir=\"auto\">KARTI\u010cKY &#8211; POVOLANIA III. <span class=\"x3nfvp2 x1j61x8r x1fcty0u xdj266r xhhsvwb xat24cr xgzva0m xxymvpz xlup9mm x1kky2od\"><img decoding=\"async\" class=\"xz74otr\" src=\"https:\/\/static.xx.fbcdn.net\/images\/emoji.php\/v9\/t95\/2\/16\/1f469_200d_1f3eb.png\" alt=\"\ud83d\udc69\u200d\ud83c\udfeb\" width=\"16\" height=\"16\" \/><\/span><span class=\"x3nfvp2 x1j61x8r x1fcty0u xdj266r xhhsvwb xat24cr xgzva0m xxymvpz xlup9mm x1kky2od\"><img decoding=\"async\" class=\"xz74otr\" src=\"https:\/\/static.xx.fbcdn.net\/images\/emoji.php\/v9\/tcb\/2\/16\/1f477.png\" alt=\"\ud83d\udc77\" width=\"16\" height=\"16\" \/><\/span><span class=\"x3nfvp2 x1j61x8r x1fcty0u xdj266r xhhsvwb xat24cr xgzva0m xxymvpz xlup9mm x1kky2od\"><img decoding=\"async\" class=\"xz74otr\" src=\"https:\/\/static.xx.fbcdn.net\/images\/emoji.php\/v9\/t5a\/2\/16\/1f46e.png\" alt=\"\ud83d\udc6e\" width=\"16\" height=\"16\" \/><\/span><span class=\"x3nfvp2 x1j61x8r x1fcty0u xdj266r xhhsvwb xat24cr xgzva0m xxymvpz xlup9mm x1kky2od\"><img loading=\"lazy\" decoding=\"async\" class=\"xz74otr\" src=\"https:\/\/static.xx.fbcdn.net\/images\/emoji.php\/v9\/td4\/2\/16\/1f469_200d_1f692.png\" alt=\"\ud83d\udc69\u200d\ud83d\ude92\" width=\"16\" height=\"16\" \/><\/span><\/div>\n<div dir=\"auto\"><span class=\"x3nfvp2 x1j61x8r x1fcty0u xdj266r xhhsvwb xat24cr xgzva0m xxymvpz xlup9mm x1kky2od\"><img loading=\"lazy\" decoding=\"async\" class=\"xz74otr\" src=\"https:\/\/static.xx.fbcdn.net\/images\/emoji.php\/v9\/t4b\/2\/16\/1f4cc.png\" alt=\"\ud83d\udccc\" width=\"16\" height=\"16\" \/><\/span>S\u00fabor je vo form\u00e1te PDF<\/div>\n<div dir=\"auto\"><span class=\"x3nfvp2 x1j61x8r x1fcty0u xdj266r xhhsvwb xat24cr xgzva0m xxymvpz xlup9mm x1kky2od\"><img loading=\"lazy\" decoding=\"async\" class=\"xz74otr\" src=\"https:\/\/static.xx.fbcdn.net\/images\/emoji.php\/v9\/t4b\/2\/16\/1f4cc.png\" alt=\"\ud83d\udccc\" width=\"16\" height=\"16\" \/><\/span>Obsahuje 8 listov vo ve\u013ekosti A4 (na jednej A4 je 8 povolan\u00ed) dokopy je 60 povolan\u00ed &#8211; KARTI\u010cIEK.<\/div>\n<div dir=\"auto\"><span class=\"x3nfvp2 x1j61x8r x1fcty0u xdj266r xhhsvwb xat24cr xgzva0m xxymvpz xlup9mm x1kky2od\"><img loading=\"lazy\" decoding=\"async\" class=\"xz74otr\" src=\"https:\/\/static.xx.fbcdn.net\/images\/emoji.php\/v9\/t4b\/2\/16\/1f4cc.png\" alt=\"\ud83d\udccc\" width=\"16\" height=\"16\" \/><\/span>Viete ich vyu\u017ei\u0165 na r\u00f4zne hry ako napr. Kto som?, Remeseln\u00edci, Pexeso &#8230;at\u010f<\/div>\n<\/div>\n<\/div>\n<\/div>\n<\/div>\n<\/div>\n<\/div>\n<\/div>\n","protected":false},"excerpt":{"rendered":"<p>KARTI\u010cKY &#8211; POVOLANIA III. S\u00fabor je vo form\u00e1te PDF Obsahuje 8 listov vo ve\u013ekosti A4 (na jednej A4 je 8 povolan\u00ed) dokopy je 60 povolan\u00ed &#8211; KARTI\u010cIEK. Viete ich vyu\u017ei\u0165 na r\u00f4zne hry ako napr. Kto som?, Remeseln\u00edci, Pexeso &#8230;at\u010f<\/p>\n","protected":false},"featured_media":959,"template":"","meta":[],"product_brand":[],"product_cat":[25,17],"product_tag":[],"class_list":{"0":"post-958","1":"product","2":"type-product","3":"status-publish","4":"has-post-thumbnail","6":"product_cat-hry","7":"product_cat-sviatky","9":"first","10":"instock","11":"downloadable","12":"virtual","13":"taxable","14":"purchasable","15":"product-type-simple"},"_links":{"self":[{"href":"https:\/\/www.vychoska.sk\/index.php\/wp-json\/wp\/v2\/product\/958","targetHints":{"allow":["GET"]}}],"collection":[{"href":"https:\/\/www.vychoska.sk\/index.php\/wp-json\/wp\/v2\/product"}],"about":[{"href":"https:\/\/www.vychoska.sk\/index.php\/wp-json\/wp\/v2\/types\/product"}],"wp:featuredmedia":[{"embeddable":true,"href":"https:\/\/www.vychoska.sk\/index.php\/wp-json\/wp\/v2\/media\/959"}],"wp:attachment":[{"href":"https:\/\/www.vychoska.sk\/index.php\/wp-json\/wp\/v2\/media?parent=958"}],"wp:term":[{"taxonomy":"product_brand","embeddable":true,"href":"https:\/\/www.vychoska.sk\/index.php\/wp-json\/wp\/v2\/product_brand?post=958"},{"taxonomy":"product_cat","embeddable":true,"href":"https:\/\/www.vychoska.sk\/index.php\/wp-json\/wp\/v2\/product_cat?post=958"},{"taxonomy":"product_tag","embeddable":true,"href":"https:\/\/www.vychoska.sk\/index.php\/wp-json\/wp\/v2\/product_tag?post=958"}],"curies":[{"name":"wp","href":"https:\/\/api.w.org\/{rel}","templated":true}]}}